{"id":25,"date":"2020-12-08T03:54:06","date_gmt":"2020-12-08T03:54:06","guid":{"rendered":"https:\/\/gaviaspreview.com\/wp\/zilom\/?page_id=25"},"modified":"2020-12-08T03:54:06","modified_gmt":"2020-12-08T03:54:06","slug":"news","status":"publish","type":"page","link":"https:\/\/salinasconsultora.com\/index.php\/news\/","title":{"rendered":"News"},"content":{"rendered":"\t\t<div data-elementor-type=\"wp-page\" data-elementor-id=\"25\" class=\"elementor elementor-25\">\n\t\t\t\t\t\t\t\t\t<section class=\"elementor-section elementor-top-section elementor-element elementor-element-1fbe8dbc elementor-section-boxed elementor-section-height-default elementor-section-height-default row-top\" data-id=\"1fbe8dbc\" data-element_type=\"section\">\n\t\t\t\t\t\t<div class=\"elementor-container elementor-column-gap-default\">\n\t\t\t\t\t<div class=\"elementor-column elementor-col-100 elementor-top-column elementor-element elementor-element-505d4390 column-style-top\" data-id=\"505d4390\" data-element_type=\"column\">\n\t\t\t<div class=\"elementor-widget-wrap elementor-element-populated\">\n\t\t\t\t\t\t\t\t<div class=\"elementor-element elementor-element-962a554 elementor-widget elementor-widget-gva-posts\" data-id=\"962a554\" data-element_type=\"widget\" data-widget_type=\"gva-posts.default\">\n\t\t\t\t<div class=\"elementor-widget-container\">\n\t\t\t<div class=\"gva-element-gva-posts gva-element\">  \r\n  <div class=\"gva-posts-grid clearfix gva-posts\">\r\n\t\t<div class=\"gva-content-items\"> \r\n\t\t  <div class=\"lg-block-grid-3 md-block-grid-3 sm-block-grid-2 xs-block-grid-2 xx-block-grid-1\">\r\n\t\t\t \r\n<div class=\"all sin-categoria \">\r\n   <article id=\"post-1454\" class=\"post post-style-1 post-1454 type-post status-publish format-standard has-post-thumbnail hentry category-sin-categoria\">\r\n      <div class=\"post-thumbnail\">\r\n         <a href=\"https:\/\/salinasconsultora.com\/index.php\/2022\/06\/28\/disenador-ui-ux\/\">\r\n            <img width=\"580\" height=\"385\" src=\"https:\/\/salinasconsultora.com\/wp-content\/uploads\/2021\/03\/gallery-6-580x385.jpg\" class=\"attachment-post-thumbnail size-post-thumbnail wp-post-image\" alt=\"Dise\u00f1ador UI \/ UX\" loading=\"lazy\" \/>         <\/a>\r\n         <div class=\"entry-meta\">\r\n            <div class=\"clearfix meta-inline post-meta-1\"><span class=\"entry-date\"><i class=\"far fa-clock\"><\/i>28 de junio de 2022<\/span><span class=\"post-comment\"><i class=\"far fa-comments\"><\/i>0 Comments<\/span><\/div>         <\/div> \r\n      <\/div>   \r\n\r\n      <div class=\"entry-content\">\r\n         <div class=\"content-inner\">\r\n            <h3 class=\"entry-title\"><a href=\"https:\/\/salinasconsultora.com\/index.php\/2022\/06\/28\/disenador-ui-ux\/\" rel=\"bookmark\">Dise\u00f1ador UI \/ UX<\/a><\/h3>\r\n                           <div class=\"entry-desc\">\r\n                  Los dise\u00f1adores UX son algunos de los profesionales m\u00e1s demandados por las empresas. Es posible               <\/div>   \r\n                        <div class=\"read-more\">\r\n               <a class=\"btn-inline\" href=\"https:\/\/salinasconsultora.com\/index.php\/2022\/06\/28\/disenador-ui-ux\/\">Read more<\/a>\r\n            <\/div>\r\n         <\/div>\r\n\r\n      <\/div>\r\n   <\/article>   \r\n<\/div>\r\n\r\n  \r\n<div class=\"all sin-categoria \">\r\n   <article id=\"post-1451\" class=\"post post-style-1 post-1451 type-post status-publish format-standard has-post-thumbnail hentry category-sin-categoria\">\r\n      <div class=\"post-thumbnail\">\r\n         <a href=\"https:\/\/salinasconsultora.com\/index.php\/2022\/06\/28\/impacto-social-del-covid-19\/\">\r\n            <img width=\"580\" height=\"385\" src=\"https:\/\/salinasconsultora.com\/wp-content\/uploads\/2020\/12\/Covid-580x385.jpg\" class=\"attachment-post-thumbnail size-post-thumbnail wp-post-image\" alt=\"Impacto Social del COVID-19\" loading=\"lazy\" \/>         <\/a>\r\n         <div class=\"entry-meta\">\r\n            <div class=\"clearfix meta-inline post-meta-1\"><span class=\"entry-date\"><i class=\"far fa-clock\"><\/i>28 de junio de 2022<\/span><span class=\"post-comment\"><i class=\"far fa-comments\"><\/i>0 Comments<\/span><\/div>         <\/div> \r\n      <\/div>   \r\n\r\n      <div class=\"entry-content\">\r\n         <div class=\"content-inner\">\r\n            <h3 class=\"entry-title\"><a href=\"https:\/\/salinasconsultora.com\/index.php\/2022\/06\/28\/impacto-social-del-covid-19\/\" rel=\"bookmark\">Impacto Social del COVID-19<\/a><\/h3>\r\n                           <div class=\"entry-desc\">\r\n                  La s\u00fabita e intensa propagaci\u00f3n pand\u00e9mia de la enfermedad por coronavirus 2019 (COVID-19) en la               <\/div>   \r\n                        <div class=\"read-more\">\r\n               <a class=\"btn-inline\" href=\"https:\/\/salinasconsultora.com\/index.php\/2022\/06\/28\/impacto-social-del-covid-19\/\">Read more<\/a>\r\n            <\/div>\r\n         <\/div>\r\n\r\n      <\/div>\r\n   <\/article>   \r\n<\/div>\r\n\r\n  \r\n<div class=\"all sin-categoria \">\r\n   <article id=\"post-1448\" class=\"post post-style-1 post-1448 type-post status-publish format-standard has-post-thumbnail hentry category-sin-categoria\">\r\n      <div class=\"post-thumbnail\">\r\n         <a href=\"https:\/\/salinasconsultora.com\/index.php\/2022\/06\/28\/ventajas-y-desventajas-del-homeoffice\/\">\r\n            <img width=\"580\" height=\"385\" src=\"https:\/\/salinasconsultora.com\/wp-content\/uploads\/2021\/06\/course-8-580x385.jpg\" class=\"attachment-post-thumbnail size-post-thumbnail wp-post-image\" alt=\"Ventajas Y Desventajas del Homeoffice\" loading=\"lazy\" \/>         <\/a>\r\n         <div class=\"entry-meta\">\r\n            <div class=\"clearfix meta-inline post-meta-1\"><span class=\"entry-date\"><i class=\"far fa-clock\"><\/i>28 de junio de 2022<\/span><span class=\"post-comment\"><i class=\"far fa-comments\"><\/i>0 Comments<\/span><\/div>         <\/div> \r\n      <\/div>   \r\n\r\n      <div class=\"entry-content\">\r\n         <div class=\"content-inner\">\r\n            <h3 class=\"entry-title\"><a href=\"https:\/\/salinasconsultora.com\/index.php\/2022\/06\/28\/ventajas-y-desventajas-del-homeoffice\/\" rel=\"bookmark\">Ventajas Y Desventajas del Homeoffice<\/a><\/h3>\r\n                           <div class=\"entry-desc\">\r\n                  El home office o teletrabajo se populariz\u00f3 en la mayor\u00eda de las empresas a partir               <\/div>   \r\n                        <div class=\"read-more\">\r\n               <a class=\"btn-inline\" href=\"https:\/\/salinasconsultora.com\/index.php\/2022\/06\/28\/ventajas-y-desventajas-del-homeoffice\/\">Read more<\/a>\r\n            <\/div>\r\n         <\/div>\r\n\r\n      <\/div>\r\n   <\/article>   \r\n<\/div>\r\n\r\n  \r\n<div class=\"all sin-categoria \">\r\n   <article id=\"post-1445\" class=\"post post-style-1 post-1445 type-post status-publish format-standard has-post-thumbnail hentry category-sin-categoria\">\r\n      <div class=\"post-thumbnail\">\r\n         <a href=\"https:\/\/salinasconsultora.com\/index.php\/2022\/06\/28\/redes-sociales-en-adolescentes\/\">\r\n            <img width=\"325\" height=\"385\" src=\"https:\/\/salinasconsultora.com\/wp-content\/uploads\/2021\/06\/image-2-325x385.jpg\" class=\"attachment-post-thumbnail size-post-thumbnail wp-post-image\" alt=\"Redes Sociales en Adolescentes\" loading=\"lazy\" \/>         <\/a>\r\n         <div class=\"entry-meta\">\r\n            <div class=\"clearfix meta-inline post-meta-1\"><span class=\"entry-date\"><i class=\"far fa-clock\"><\/i>28 de junio de 2022<\/span><span class=\"post-comment\"><i class=\"far fa-comments\"><\/i>0 Comments<\/span><\/div>         <\/div> \r\n      <\/div>   \r\n\r\n      <div class=\"entry-content\">\r\n         <div class=\"content-inner\">\r\n            <h3 class=\"entry-title\"><a href=\"https:\/\/salinasconsultora.com\/index.php\/2022\/06\/28\/redes-sociales-en-adolescentes\/\" rel=\"bookmark\">Redes Sociales en Adolescentes<\/a><\/h3>\r\n                           <div class=\"entry-desc\">\r\n                  Para los adolescentes las tecnolog\u00edas\u00a0no representan nada nuevo: son parte de varios est\u00edmulos que rodean               <\/div>   \r\n                        <div class=\"read-more\">\r\n               <a class=\"btn-inline\" href=\"https:\/\/salinasconsultora.com\/index.php\/2022\/06\/28\/redes-sociales-en-adolescentes\/\">Read more<\/a>\r\n            <\/div>\r\n         <\/div>\r\n\r\n      <\/div>\r\n   <\/article>   \r\n<\/div>\r\n\r\n  \t\t  <\/div>\r\n\t\t<\/div>\r\n\t\t\t\t\t <div class=\"pagination\">\r\n\t\t\t\t  \t\t\t <\/div>\r\n\t\t  <\/div>\r\n  <\/div>\t\t<\/div>\n\t\t\t\t<\/div>\n\t\t\t\t\t<\/div>\n\t\t<\/div>\n\t\t\t\t\t\t\t<\/div>\n\t\t<\/section>\n\t\t\t\t\t\t\t<\/div>\n\t\t","protected":false},"excerpt":{"rendered":"<p>8 Dec, 2020 admin0 Comments Donation is Hope for Poor Childrens There are many variations of but the majority have simply free text available not suffered. Read more 8 Dec, [&hellip;]<\/p>\n","protected":false},"author":1,"featured_media":0,"parent":0,"menu_order":0,"comment_status":"closed","ping_status":"closed","template":"","meta":{"content-type":"","om_disable_all_campaigns":false,"_monsterinsights_skip_tracking":false,"_monsterinsights_sitenote_active":false,"_monsterinsights_sitenote_note":"","_monsterinsights_sitenote_category":0,"_joinchat":[]},"_links":{"self":[{"href":"https:\/\/salinasconsultora.com\/index.php\/wp-json\/wp\/v2\/pages\/25"}],"collection":[{"href":"https:\/\/salinasconsultora.com\/index.php\/wp-json\/wp\/v2\/pages"}],"about":[{"href":"https:\/\/salinasconsultora.com\/index.php\/wp-json\/wp\/v2\/types\/page"}],"author":[{"embeddable":true,"href":"https:\/\/salinasconsultora.com\/index.php\/wp-json\/wp\/v2\/users\/1"}],"replies":[{"embeddable":true,"href":"https:\/\/salinasconsultora.com\/index.php\/wp-json\/wp\/v2\/comments?post=25"}],"version-history":[{"count":0,"href":"https:\/\/salinasconsultora.com\/index.php\/wp-json\/wp\/v2\/pages\/25\/revisions"}],"wp:attachment":[{"href":"https:\/\/salinasconsultora.com\/index.php\/wp-json\/wp\/v2\/media?parent=25"}],"curies":[{"name":"wp","href":"https:\/\/api.w.org\/{rel}","templated":true}]}}