{"id":35,"date":"2020-12-08T04:14:31","date_gmt":"2020-12-08T04:14:31","guid":{"rendered":"https:\/\/gaviaspreview.com\/wp\/zilom\/?page_id=35"},"modified":"2023-08-01T02:32:32","modified_gmt":"2023-08-01T02:32:32","slug":"clientes","status":"publish","type":"page","link":"https:\/\/salinasconsultora.com\/index.php\/clientes\/","title":{"rendered":"Experiencias"},"content":{"rendered":"\t\t<div data-elementor-type=\"wp-page\" data-elementor-id=\"35\" class=\"elementor elementor-35\">\n\t\t\t\t\t\t\t\t\t<section class=\"elementor-section elementor-top-section elementor-element elementor-element-78228e6 elementor-section-boxed elementor-section-height-default elementor-section-height-default row-top\" data-id=\"78228e6\" data-element_type=\"section\">\n\t\t\t\t\t\t<div class=\"elementor-container elementor-column-gap-default\">\n\t\t\t\t\t<div class=\"elementor-column elementor-col-100 elementor-top-column elementor-element elementor-element-6518e21 column-style-top\" data-id=\"6518e21\" data-element_type=\"column\">\n\t\t\t<div class=\"elementor-widget-wrap elementor-element-populated\">\n\t\t\t\t\t\t\t\t<div class=\"elementor-element elementor-element-21f92c1 elementor-widget elementor-widget-heading\" data-id=\"21f92c1\" data-element_type=\"widget\" data-widget_type=\"heading.default\">\n\t\t\t\t<div class=\"elementor-widget-container\">\n\t\t\t<style>\/*! elementor - v3.6.7 - 03-07-2022 *\/\n.elementor-heading-title{padding:0;margin:0;line-height:1}.elementor-widget-heading .elementor-heading-title[class*=elementor-size-]>a{color:inherit;font-size:inherit;line-height:inherit}.elementor-widget-heading .elementor-heading-title.elementor-size-small{font-size:15px}.elementor-widget-heading .elementor-heading-title.elementor-size-medium{font-size:19px}.elementor-widget-heading .elementor-heading-title.elementor-size-large{font-size:29px}.elementor-widget-heading .elementor-heading-title.elementor-size-xl{font-size:39px}.elementor-widget-heading .elementor-heading-title.elementor-size-xxl{font-size:59px}<\/style><h1 class=\"elementor-heading-title elementor-size-xl\">Casos de \u00e9xito<\/h1>\t\t<\/div>\n\t\t\t\t<\/div>\n\t\t\t\t\t<\/div>\n\t\t<\/div>\n\t\t\t\t\t\t\t<\/div>\n\t\t<\/section>\n\t\t\t\t<section class=\"elementor-section elementor-top-section elementor-element elementor-element-39ecd2ef elementor-section-boxed elementor-section-height-default elementor-section-height-default row-top\" data-id=\"39ecd2ef\" data-element_type=\"section\">\n\t\t\t\t\t\t<div class=\"elementor-container elementor-column-gap-default\">\n\t\t\t\t\t<div class=\"elementor-column elementor-col-100 elementor-top-column elementor-element elementor-element-1c540d60 column-style-top\" data-id=\"1c540d60\" data-element_type=\"column\">\n\t\t\t<div class=\"elementor-widget-wrap elementor-element-populated\">\n\t\t\t\t\t\t\t\t<section class=\"elementor-section elementor-inner-section elementor-element elementor-element-12ddd9e elementor-section-boxed elementor-section-height-default elementor-section-height-default row-top\" data-id=\"12ddd9e\" data-element_type=\"section\">\n\t\t\t\t\t\t<div class=\"elementor-container elementor-column-gap-default\">\n\t\t\t\t\t<div class=\"elementor-column elementor-col-50 elementor-inner-column elementor-element elementor-element-6ca31b8 column-style-top\" data-id=\"6ca31b8\" data-element_type=\"column\">\n\t\t\t<div class=\"elementor-widget-wrap elementor-element-populated\">\n\t\t\t\t\t\t\t\t<div class=\"elementor-element elementor-element-1bd8161 elementor-widget elementor-widget-gva-image-content\" data-id=\"1bd8161\" data-element_type=\"widget\" data-widget_type=\"gva-image-content.default\">\n\t\t\t\t<div class=\"elementor-widget-container\">\n\t\t\t<div class=\"gva-element-gva-image-content gva-element\">\t\t\r\n\t  \r\n\t \r\n\t  \r\n\r\n\t\r\n \r\n\r\n  \r\n\r\n \r\n\r\n  <div class=\"clearfix gsc-image-content skin-v7\">\r\n\t \t\t<div class=\"image\">\r\n\t\t\t \t\t  <a href=\"https:\/\/youtu.be\/9RIXc4ROj34\">\r\n\t\t\t <img width=\"1000\" height=\"1000\" src=\"https:\/\/salinasconsultora.com\/wp-content\/uploads\/2022\/07\/SALINAS-CONSULTORA-3.png\" class=\"attachment-full size-full\" alt=\"\" loading=\"lazy\" srcset=\"https:\/\/salinasconsultora.com\/wp-content\/uploads\/2022\/07\/SALINAS-CONSULTORA-3.png 1000w, https:\/\/salinasconsultora.com\/wp-content\/uploads\/2022\/07\/SALINAS-CONSULTORA-3-600x600.png 600w, https:\/\/salinasconsultora.com\/wp-content\/uploads\/2022\/07\/SALINAS-CONSULTORA-3-180x180.png 180w, https:\/\/salinasconsultora.com\/wp-content\/uploads\/2022\/07\/SALINAS-CONSULTORA-3-768x768.png 768w, https:\/\/salinasconsultora.com\/wp-content\/uploads\/2022\/07\/SALINAS-CONSULTORA-3-300x300.png 300w\" sizes=\"(max-width: 1000px) 100vw, 1000px\" \/>\t\t  <\/a>\r\n\t\t  \t\t<\/div>\r\n\t \t <div class=\"box-content\">\r\n\t\t\t\t\t<h2 class=\"title\">\r\n\t\t\t\t\t\t  <a href=\"https:\/\/youtu.be\/9RIXc4ROj34\">\r\n\t\t\t Grupo Bimbo\t\t  <\/a>\r\n\t\t  \t\t\t<\/h2>\r\n\t\t\t\t<div class=\"desc\">Panificadora nivel Mundial. Su prop\u00f3sito es \"Alimentar un mundo mejor\", con el acompa\u00f1amiento de todas sus marcas Bimbo, Fargo, Lactal, Valente, T\u00eda Rosa, entre otras.\n\nQuer\u00e9s ver el desarrollo tecnol\u00f3gico: E-commerce, Apps.<\/div>\r\n\t\t\t\t  <div class=\"read-more\">\r\n\t\t\t \t\t  <a href=\"https:\/\/youtu.be\/9RIXc4ROj34\" class=\"btn-inline\">\r\n\t\t\t <span>Ver m\u00e1s<\/span>\t\t  <\/a>\r\n\t\t  \t\t  <\/div>\r\n\t\t\t <\/div>  \r\n  <\/div>\r\n <\/div>\t\t<\/div>\n\t\t\t\t<\/div>\n\t\t\t\t\t<\/div>\n\t\t<\/div>\n\t\t\t\t<div class=\"elementor-column elementor-col-50 elementor-inner-column elementor-element elementor-element-b9c6403 column-style-top\" data-id=\"b9c6403\" data-element_type=\"column\">\n\t\t\t<div class=\"elementor-widget-wrap elementor-element-populated\">\n\t\t\t\t\t\t\t\t<div class=\"elementor-element elementor-element-c8d5683 elementor-widget elementor-widget-gva-image-content\" data-id=\"c8d5683\" data-element_type=\"widget\" data-widget_type=\"gva-image-content.default\">\n\t\t\t\t<div class=\"elementor-widget-container\">\n\t\t\t<div class=\"gva-element-gva-image-content gva-element\">\t\t\r\n\t  \r\n\t \r\n\t  \r\n\r\n\t\r\n \r\n\r\n  \r\n\r\n \r\n\r\n  <div class=\"clearfix gsc-image-content skin-v7\">\r\n\t \t\t<div class=\"image\">\r\n\t\t\t \t\t  <a href=\"https:\/\/youtu.be\/MZo2QXm8jF0\">\r\n\t\t\t <img width=\"2000\" height=\"2000\" src=\"https:\/\/salinasconsultora.com\/wp-content\/uploads\/2022\/07\/conurbano.png\" class=\"attachment-full size-full\" alt=\"\" loading=\"lazy\" srcset=\"https:\/\/salinasconsultora.com\/wp-content\/uploads\/2022\/07\/conurbano.png 2000w, https:\/\/salinasconsultora.com\/wp-content\/uploads\/2022\/07\/conurbano-600x600.png 600w, https:\/\/salinasconsultora.com\/wp-content\/uploads\/2022\/07\/conurbano-1024x1024.png 1024w, https:\/\/salinasconsultora.com\/wp-content\/uploads\/2022\/07\/conurbano-180x180.png 180w, https:\/\/salinasconsultora.com\/wp-content\/uploads\/2022\/07\/conurbano-768x768.png 768w, https:\/\/salinasconsultora.com\/wp-content\/uploads\/2022\/07\/conurbano-300x300.png 300w\" sizes=\"(max-width: 2000px) 100vw, 2000px\" \/>\t\t  <\/a>\r\n\t\t  \t\t<\/div>\r\n\t \t <div class=\"box-content\">\r\n\t\t\t\t\t<h2 class=\"title\">\r\n\t\t\t\t\t\t  <a href=\"https:\/\/youtu.be\/MZo2QXm8jF0\">\r\n\t\t\t Conurbano Log\u00edstica Inteligente\t\t  <\/a>\r\n\t\t  \t\t\t<\/h2>\r\n\t\t\t\t<div class=\"desc\">Log\u00edstica Inteligente - Soluciones en servicios de Guarda y Reprocesos. Con m\u00e1s de 20 a\u00f1os de experiencia, especializados en dise\u00f1ar Soluciones Log\u00edsticas. Trabajamos con empresas tales como Procter &amp; Gamble, Clorox, Prime, CCU, RPB y Molto y Marolio entre otras marcas de primer nivel. Quer\u00e9s ver el desarrollo tecnol\u00f3gico:\nLog\u00edstica, desarrollo temporales<\/div>\r\n\t\t\t\t  <div class=\"read-more\">\r\n\t\t\t \t\t  <a href=\"https:\/\/youtu.be\/MZo2QXm8jF0\" class=\"btn-inline\">\r\n\t\t\t <span>Ver m\u00e1s<\/span>\t\t  <\/a>\r\n\t\t  \t\t  <\/div>\r\n\t\t\t <\/div>  \r\n  <\/div>\r\n <\/div>\t\t<\/div>\n\t\t\t\t<\/div>\n\t\t\t\t\t<\/div>\n\t\t<\/div>\n\t\t\t\t\t\t\t<\/div>\n\t\t<\/section>\n\t\t\t\t<section class=\"elementor-section elementor-inner-section elementor-element elementor-element-a751902 elementor-section-boxed elementor-section-height-default elementor-section-height-default row-top\" data-id=\"a751902\" data-element_type=\"section\">\n\t\t\t\t\t\t<div class=\"elementor-container elementor-column-gap-default\">\n\t\t\t\t\t<div class=\"elementor-column elementor-col-50 elementor-inner-column elementor-element elementor-element-ae51bea column-style-top\" data-id=\"ae51bea\" data-element_type=\"column\">\n\t\t\t<div class=\"elementor-widget-wrap elementor-element-populated\">\n\t\t\t\t\t\t\t\t<div class=\"elementor-element elementor-element-8cb30b0 elementor-widget elementor-widget-gva-image-content\" data-id=\"8cb30b0\" data-element_type=\"widget\" data-widget_type=\"gva-image-content.default\">\n\t\t\t\t<div class=\"elementor-widget-container\">\n\t\t\t<div class=\"gva-element-gva-image-content gva-element\">\t\t\r\n\t  \r\n\t \r\n\t  \r\n\r\n\t\r\n \r\n\r\n  \r\n\r\n \r\n\r\n  <div class=\"clearfix gsc-image-content skin-v7\">\r\n\t \t\t<div class=\"image\">\r\n\t\t\t \t\t  <a href=\"https:\/\/youtu.be\/ez7YW66uAJ8\">\r\n\t\t\t <img width=\"500\" height=\"500\" src=\"https:\/\/salinasconsultora.com\/wp-content\/uploads\/2022\/07\/Logo-Mujeresxlanacion-7.png\" class=\"attachment-full size-full\" alt=\"\" loading=\"lazy\" srcset=\"https:\/\/salinasconsultora.com\/wp-content\/uploads\/2022\/07\/Logo-Mujeresxlanacion-7.png 500w, https:\/\/salinasconsultora.com\/wp-content\/uploads\/2022\/07\/Logo-Mujeresxlanacion-7-180x180.png 180w, https:\/\/salinasconsultora.com\/wp-content\/uploads\/2022\/07\/Logo-Mujeresxlanacion-7-300x300.png 300w\" sizes=\"(max-width: 500px) 100vw, 500px\" \/>\t\t  <\/a>\r\n\t\t  \t\t<\/div>\r\n\t \t <div class=\"box-content\">\r\n\t\t\t\t\t<h2 class=\"title\">\r\n\t\t\t\t\t\t  <a href=\"https:\/\/youtu.be\/ez7YW66uAJ8\">\r\n\t\t\t Mujeresxlanacion\t\t  <\/a>\r\n\t\t  \t\t\t<\/h2>\r\n\t\t\t\t<div class=\"desc\">ONG que comenz\u00f3 en el a\u00f1o 2001 con la visi\u00f3n de trabajar en la contenci\u00f3n y orientaci\u00f3n SOCIAL Y FAMILIAR. Generando estrategias efectivas, directas y de acompa\u00f1amiento en las problem\u00e1ticas de vulnerabilidad social desde una mirada amplia, de valores, justicia, solidaridad, paz e igualdad.\nEsta situaci\u00f3n motivo la b\u00fasqueda de estrategias efectivas, directas y de acompa\u00f1amiento en las problem\u00e1ticas de vulnerabilidad social desde una mirada amplia en cuanto al g\u00e9nero, y una concepci\u00f3n cristiana de valores de justicia, solidaridad, paz e igualdad. Quer\u00e9s ver la propuesta de innovaci\u00f3n.\n<\/div>\r\n\t\t\t\t  <div class=\"read-more\">\r\n\t\t\t \t\t  <a href=\"https:\/\/youtu.be\/ez7YW66uAJ8\" class=\"btn-inline\">\r\n\t\t\t <span>Ver m\u00e1s<\/span>\t\t  <\/a>\r\n\t\t  \t\t  <\/div>\r\n\t\t\t <\/div>  \r\n  <\/div>\r\n <\/div>\t\t<\/div>\n\t\t\t\t<\/div>\n\t\t\t\t\t<\/div>\n\t\t<\/div>\n\t\t\t\t<div class=\"elementor-column elementor-col-50 elementor-inner-column elementor-element elementor-element-33e9c22 column-style-top\" data-id=\"33e9c22\" data-element_type=\"column\">\n\t\t\t<div class=\"elementor-widget-wrap elementor-element-populated\">\n\t\t\t\t\t\t\t\t<div class=\"elementor-element elementor-element-3a140b0 elementor-widget elementor-widget-gva-image-content\" data-id=\"3a140b0\" data-element_type=\"widget\" data-widget_type=\"gva-image-content.default\">\n\t\t\t\t<div class=\"elementor-widget-container\">\n\t\t\t<div class=\"gva-element-gva-image-content gva-element\">\t\t\r\n\t  \r\n\t \r\n\t  \r\n\r\n\t\r\n \r\n\r\n  \r\n\r\n \r\n\r\n  <div class=\"clearfix gsc-image-content skin-v7\">\r\n\t \t\t<div class=\"image\">\r\n\t\t\t \t\t  <a href=\"https:\/\/www.instagram.com\/semilleroart\/\">\r\n\t\t\t <img width=\"500\" height=\"500\" src=\"https:\/\/salinasconsultora.com\/wp-content\/uploads\/2022\/07\/Logo-Semillero-Paleta-Colores-7.png\" class=\"attachment-full size-full\" alt=\"\" loading=\"lazy\" srcset=\"https:\/\/salinasconsultora.com\/wp-content\/uploads\/2022\/07\/Logo-Semillero-Paleta-Colores-7.png 500w, https:\/\/salinasconsultora.com\/wp-content\/uploads\/2022\/07\/Logo-Semillero-Paleta-Colores-7-180x180.png 180w, https:\/\/salinasconsultora.com\/wp-content\/uploads\/2022\/07\/Logo-Semillero-Paleta-Colores-7-300x300.png 300w\" sizes=\"(max-width: 500px) 100vw, 500px\" \/>\t\t  <\/a>\r\n\t\t  \t\t<\/div>\r\n\t \t <div class=\"box-content\">\r\n\t\t\t\t\t<h2 class=\"title\">\r\n\t\t\t\t\t\t  <a href=\"https:\/\/www.instagram.com\/semilleroart\/\">\r\n\t\t\t Escuela de Arte Online\t\t  <\/a>\r\n\t\t  \t\t\t<\/h2>\r\n\t\t\t\t<div class=\"desc\">Escuela de Arte Online fundada desde hace 6 a\u00f1os, ense\u00f1ando a j\u00f3venes y adultos en diferentes \u00e1reas de aprendizaje. Quer\u00e9s ver m\u00e1s.<\/div>\r\n\t\t\t\t  <div class=\"read-more\">\r\n\t\t\t \t\t  <a href=\"https:\/\/www.instagram.com\/semilleroart\/\" class=\"btn-inline\">\r\n\t\t\t <span>Leer m\u00e1s<\/span>\t\t  <\/a>\r\n\t\t  \t\t  <\/div>\r\n\t\t\t <\/div>  \r\n  <\/div>\r\n <\/div>\t\t<\/div>\n\t\t\t\t<\/div>\n\t\t\t\t\t<\/div>\n\t\t<\/div>\n\t\t\t\t\t\t\t<\/div>\n\t\t<\/section>\n\t\t\t\t\t<\/div>\n\t\t<\/div>\n\t\t\t\t\t\t\t<\/div>\n\t\t<\/section>\n\t\t\t\t<section class=\"elementor-section elementor-top-section elementor-element elementor-element-b795090 bg-row-theme elementor-hidden-desktop elementor-hidden-tablet elementor-hidden-mobile elementor-section-boxed elementor-section-height-default elementor-section-height-default row-top\" data-id=\"b795090\" data-element_type=\"section\" data-settings=\"{&quot;background_background&quot;:&quot;classic&quot;}\">\n\t\t\t\t\t\t<div class=\"elementor-container elementor-column-gap-default\">\n\t\t\t\t\t<div class=\"elementor-column elementor-col-50 elementor-top-column elementor-element elementor-element-4229b74 column-style-top\" data-id=\"4229b74\" data-element_type=\"column\">\n\t\t\t<div class=\"elementor-widget-wrap elementor-element-populated\">\n\t\t\t\t\t\t\t\t<div class=\"elementor-element elementor-element-4457ad6 elementor-widget elementor-widget-gva-heading-block\" data-id=\"4457ad6\" data-element_type=\"widget\" data-widget_type=\"gva-heading-block.default\">\n\t\t\t\t<div class=\"elementor-widget-container\">\n\t\t\t<div class=\"gva-element-gva-heading-block gva-element\">   <div class=\"align-left style-1 widget gsc-heading box-align-left auto-responsive\">\r\n      <div class=\"content-inner\">\r\n         \r\n                  \r\n           \r\n         \r\n                     <h2 class=\"title\">\r\n               <span>Start Your Education Career with Zilom<\/span>\r\n            <\/h2>\r\n                  \r\n         \r\n      <\/div>\r\n   <\/div>\r\n<\/div>\t\t<\/div>\n\t\t\t\t<\/div>\n\t\t\t\t\t<\/div>\n\t\t<\/div>\n\t\t\t\t<div class=\"elementor-column elementor-col-50 elementor-top-column elementor-element elementor-element-f2259fe column-style-top\" data-id=\"f2259fe\" data-element_type=\"column\">\n\t\t\t<div class=\"elementor-widget-wrap elementor-element-populated\">\n\t\t\t\t\t\t\t\t<div class=\"elementor-element elementor-element-d0e596c elementor-widget__width-auto elementor-widget elementor-widget-html\" data-id=\"d0e596c\" data-element_type=\"widget\" data-widget_type=\"html.default\">\n\t\t\t\t<div class=\"elementor-widget-container\">\n\t\t\t<a class=\"btn-white\" href=\"localhost\/wp\/zilom\/about\/\">\n    Discover More\n<\/a>\t\t<\/div>\n\t\t\t\t<\/div>\n\t\t\t\t\t<\/div>\n\t\t<\/div>\n\t\t\t\t\t\t\t<\/div>\n\t\t<\/section>\n\t\t\t\t\t\t\t<\/div>\n\t\t","protected":false},"excerpt":{"rendered":"<p>Casos de \u00e9xito Grupo Bimbo Panificadora nivel Mundial. Su prop\u00f3sito es \u00abAlimentar un mundo mejor\u00bb, con el acompa\u00f1amiento de todas sus marcas Bimbo, Fargo, Lactal, Valente, T\u00eda Rosa, entre otras. [&hellip;]<\/p>\n","protected":false},"author":1,"featured_media":0,"parent":0,"menu_order":0,"comment_status":"closed","ping_status":"closed","template":"","meta":{"content-type":"","om_disable_all_campaigns":false,"_monsterinsights_skip_tracking":false,"_monsterinsights_sitenote_active":false,"_monsterinsights_sitenote_note":"","_monsterinsights_sitenote_category":0,"_joinchat":[]},"_links":{"self":[{"href":"https:\/\/salinasconsultora.com\/index.php\/wp-json\/wp\/v2\/pages\/35"}],"collection":[{"href":"https:\/\/salinasconsultora.com\/index.php\/wp-json\/wp\/v2\/pages"}],"about":[{"href":"https:\/\/salinasconsultora.com\/index.php\/wp-json\/wp\/v2\/types\/page"}],"author":[{"embeddable":true,"href":"https:\/\/salinasconsultora.com\/index.php\/wp-json\/wp\/v2\/users\/1"}],"replies":[{"embeddable":true,"href":"https:\/\/salinasconsultora.com\/index.php\/wp-json\/wp\/v2\/comments?post=35"}],"version-history":[{"count":95,"href":"https:\/\/salinasconsultora.com\/index.php\/wp-json\/wp\/v2\/pages\/35\/revisions"}],"predecessor-version":[{"id":2498,"href":"https:\/\/salinasconsultora.com\/index.php\/wp-json\/wp\/v2\/pages\/35\/revisions\/2498"}],"wp:attachment":[{"href":"https:\/\/salinasconsultora.com\/index.php\/wp-json\/wp\/v2\/media?parent=35"}],"curies":[{"name":"wp","href":"https:\/\/api.w.org\/{rel}","templated":true}]}}